{"id":5772,"date":"2024-06-14T16:59:32","date_gmt":"2024-06-14T14:59:32","guid":{"rendered":"https:\/\/shop.brittas-kunst.com\/?post_type=product&#038;p=5772"},"modified":"2024-06-30T12:39:57","modified_gmt":"2024-06-30T10:39:57","slug":"para-ti-for-you","status":"publish","type":"product","link":"https:\/\/brittas-kunst.com\/en\/produkt\/para-ti-for-you\/","title":{"rendered":"Para t\u00ed"},"content":{"rendered":"<p>For you! Liebe und Hingebung, Leidenschaft und ganz viel Gef\u00fchl, bis dieses ein anderer Mensch auch f\u00fchlt.<\/p>\n","protected":false},"excerpt":{"rendered":"<p>For you! Liebe und Hingebung, Leidenschaft und ganz viel Gef\u00fchl, bis dieses ein anderer Mensch auch f\u00fchlt.<\/p>\n","protected":false},"featured_media":6250,"template":"","meta":[],"product_brand":[],"product_cat":[147,202],"product_tag":[],"product_artist":[],"class_list":{"0":"post-5772","1":"product","2":"type-product","3":"status-publish","4":"has-post-thumbnail","6":"product_cat-brittasart","7":"product_cat-original-en","9":"first","10":"instock","11":"downloadable","12":"shipping-taxable","13":"purchasable","14":"product-type-simple"},"_links":{"self":[{"href":"https:\/\/brittas-kunst.com\/en\/wp-json\/wp\/v2\/product\/5772","targetHints":{"allow":["GET"]}}],"collection":[{"href":"https:\/\/brittas-kunst.com\/en\/wp-json\/wp\/v2\/product"}],"about":[{"href":"https:\/\/brittas-kunst.com\/en\/wp-json\/wp\/v2\/types\/product"}],"wp:featuredmedia":[{"embeddable":true,"href":"https:\/\/brittas-kunst.com\/en\/wp-json\/wp\/v2\/media\/6250"}],"wp:attachment":[{"href":"https:\/\/brittas-kunst.com\/en\/wp-json\/wp\/v2\/media?parent=5772"}],"wp:term":[{"taxonomy":"product_brand","embeddable":true,"href":"https:\/\/brittas-kunst.com\/en\/wp-json\/wp\/v2\/product_brand?post=5772"},{"taxonomy":"product_cat","embeddable":true,"href":"https:\/\/brittas-kunst.com\/en\/wp-json\/wp\/v2\/product_cat?post=5772"},{"taxonomy":"product_tag","embeddable":true,"href":"https:\/\/brittas-kunst.com\/en\/wp-json\/wp\/v2\/product_tag?post=5772"},{"taxonomy":"product_artist","embeddable":true,"href":"https:\/\/brittas-kunst.com\/en\/wp-json\/wp\/v2\/product_artist?post=5772"}],"curies":[{"name":"wp","href":"https:\/\/api.w.org\/{rel}","templated":true}]}}